{"id":49,"date":"2012-05-07T14:59:48","date_gmt":"2012-05-07T11:59:48","guid":{"rendered":"http:\/\/frisbeegolfradat.fi\/sm2012\/?page_id=49"},"modified":"2012-05-20T22:24:04","modified_gmt":"2012-05-20T19:24:04","slug":"majoitus","status":"publish","type":"page","link":"https:\/\/frisbeegolfradat.fi\/sm2012\/majoitus\/","title":{"rendered":"Majoitus"},"content":{"rendered":"<p>SM2012-kilpailun virallinen kisahotelli on <a href=\"http:\/\/www.rantasipi.fi\/hotellit\/eden\/fi_FI\/etusivu\/\">Kylpyl\u00e4hotelli Rantasipi Eden<\/a>, joka sijaitsee 3,6 kilometrin p\u00e4\u00e4ss\u00e4 kisaradasta. Pelaajilla ja kannustusjoukoilla on varattivissa sopuhintainen majoituspaketti.<\/p>\n<p><strong>SM2012-majoituspaketti<br \/>\n<\/strong>Ajankohta: Keskiviikko-sunnuntai 25.-29.7.2012<strong><br \/>\n<\/strong>\u2022 Standard \u2013huone<br \/>\n\u2022 408 \u20ac per henkil\u00f6 (1 hengen huone)<br \/>\n\u2022 260 \u20ac per henkil\u00f6 (2 hengen huonessa)<\/p>\n<p>Paketti sis\u00e4lt\u00e4\u00e4:<br \/>\n&#8211;\u00a0 4 vrk:n majoituksen<br \/>\n&#8211;\u00a0 kylpyl\u00e4osaston ja kuntosalin vapaan k\u00e4yt\u00f6n sek\u00e4 ohjatut lattia- ja allasjumpat<br \/>\n&#8211;\u00a0 buffet \u2013aamiaiset klo 7-10<br \/>\n&#8211;\u00a0 Rantasipi Edenin oman 6-v\u00e4yl\u00e4isen harjoituskent\u00e4n k\u00e4yt\u00f6n<\/p>\n<p>Kisoille on varattu 50 huoneen kiinti\u00f6 ja se luovutetaan varausj\u00e4rjestyksess\u00e4.<br \/>\nKaikki huoneet ovat savuttomia. Huonevarustuksena kylpytakit ja \u2013pyyhkeet. Huoneet on varattu <strong>Frisbeegolf SM 2012<\/strong> \u2013nimell\u00e4 ja jokainen pelaaja varaa majoituksensa hotellista itse 4.7. menness\u00e4. T\u00e4m\u00e4n j\u00e4lkeen varaamatta j\u00e4\u00e4neet huoneet vapautuvat myyntiin. Varaukset teht\u00e4v\u00e4 suoraan Rantasipi Edeniin, puh. 03 280 1777 \/ myyntipalvelu tai eden.rantasipi@restel.fi. Muista mainita varaustunnus <strong>Frisbeegolf SM 2012<\/strong> varaustasi tehdess\u00e4.<\/p>\n","protected":false},"excerpt":{"rendered":"<p>SM2012-kilpailun virallinen kisahotelli on Kylpyl\u00e4hotelli Rantasipi Eden, joka sijaitsee 3,6 kilometrin p\u00e4\u00e4ss\u00e4 kisaradasta. Pelaajilla ja kannustusjoukoilla on varattivissa sopuhintainen majoituspaketti. SM2012-majoituspaketti Ajankohta: Keskiviikko-sunnuntai 25.-29.7.2012 \u2022 Standard \u2013huone \u2022 408 \u20ac per henkil\u00f6 (1 hengen huone) \u2022 260 \u20ac per henkil\u00f6 (2 hengen huonessa) Paketti sis\u00e4lt\u00e4\u00e4: &#8211;\u00a0 4 vrk:n majoituksen &#8211;\u00a0 kylpyl\u00e4osaston ja kuntosalin vapaan k\u00e4yt\u00f6n [&hellip;]<\/p>\n","protected":false},"author":250,"featured_media":0,"parent":0,"menu_order":6,"comment_status":"open","ping_status":"open","template":"","meta":[],"yoast_head":"<!-- This site is optimized with the Yoast SEO plugin v16.1.1 - https:\/\/yoast.com\/wordpress\/plugins\/seo\/ -->\n<meta name=\"robots\" content=\"index, follow, max-snippet:-1, max-image-preview:large, max-video-preview:-1\" \/>\n<link rel=\"canonical\" href=\"https:\/\/frisbeegolfradat.fi\/sm2012\/majoitus\/\" \/>\n<meta property=\"og:locale\" content=\"fi_FI\" \/>\n<meta property=\"og:type\" content=\"article\" \/>\n<meta property=\"og:title\" content=\"Majoitus - sm2012\" \/>\n<meta property=\"og:description\" content=\"SM2012-kilpailun virallinen kisahotelli on Kylpyl\u00e4hotelli Rantasipi Eden, joka sijaitsee 3,6 kilometrin p\u00e4\u00e4ss\u00e4 kisaradasta. Pelaajilla ja kannustusjoukoilla on varattivissa sopuhintainen majoituspaketti. SM2012-majoituspaketti Ajankohta: Keskiviikko-sunnuntai 25.-29.7.2012 \u2022 Standard \u2013huone \u2022 408 \u20ac per henkil\u00f6 (1 hengen huone) \u2022 260 \u20ac per henkil\u00f6 (2 hengen huonessa) Paketti sis\u00e4lt\u00e4\u00e4: &#8211;\u00a0 4 vrk:n majoituksen &#8211;\u00a0 kylpyl\u00e4osaston ja kuntosalin vapaan k\u00e4yt\u00f6n [&hellip;]\" \/>\n<meta property=\"og:url\" content=\"https:\/\/frisbeegolfradat.fi\/sm2012\/majoitus\/\" \/>\n<meta property=\"og:site_name\" content=\"sm2012\" \/>\n<meta property=\"article:modified_time\" content=\"2012-05-20T19:24:04+00:00\" \/>\n<meta name=\"twitter:label1\" content=\"Est. reading time\">\n\t<meta name=\"twitter:data1\" content=\"1 minuutti\">\n<script type=\"application\/ld+json\" class=\"yoast-schema-graph\">{\"@context\":\"https:\/\/schema.org\",\"@graph\":[{\"@type\":\"WebSite\",\"@id\":\"https:\/\/frisbeegolfradat.fi\/sm2012\/#website\",\"url\":\"https:\/\/frisbeegolfradat.fi\/sm2012\/\",\"name\":\"sm2012\",\"description\":\"Frisbeegolfin SM-kilpailut 2012\",\"potentialAction\":[{\"@type\":\"SearchAction\",\"target\":\"https:\/\/frisbeegolfradat.fi\/sm2012\/?s={search_term_string}\",\"query-input\":\"required name=search_term_string\"}],\"inLanguage\":\"fi\"},{\"@type\":\"WebPage\",\"@id\":\"https:\/\/frisbeegolfradat.fi\/sm2012\/majoitus\/#webpage\",\"url\":\"https:\/\/frisbeegolfradat.fi\/sm2012\/majoitus\/\",\"name\":\"Majoitus - sm2012\",\"isPartOf\":{\"@id\":\"https:\/\/frisbeegolfradat.fi\/sm2012\/#website\"},\"datePublished\":\"2012-05-07T11:59:48+00:00\",\"dateModified\":\"2012-05-20T19:24:04+00:00\",\"breadcrumb\":{\"@id\":\"https:\/\/frisbeegolfradat.fi\/sm2012\/majoitus\/#breadcrumb\"},\"inLanguage\":\"fi\",\"potentialAction\":[{\"@type\":\"ReadAction\",\"target\":[\"https:\/\/frisbeegolfradat.fi\/sm2012\/majoitus\/\"]}]},{\"@type\":\"BreadcrumbList\",\"@id\":\"https:\/\/frisbeegolfradat.fi\/sm2012\/majoitus\/#breadcrumb\",\"itemListElement\":[{\"@type\":\"ListItem\",\"position\":1,\"item\":{\"@type\":\"WebPage\",\"@id\":\"https:\/\/frisbeegolfradat.fi\/sm2012\/majoitus\/\",\"url\":\"https:\/\/frisbeegolfradat.fi\/sm2012\/majoitus\/\",\"name\":\"Majoitus\"}}]}]}<\/script>\n<!-- \/ Yoast SEO plugin. -->","_links":{"self":[{"href":"https:\/\/frisbeegolfradat.fi\/sm2012\/wp-json\/wp\/v2\/pages\/49"}],"collection":[{"href":"https:\/\/frisbeegolfradat.fi\/sm2012\/wp-json\/wp\/v2\/pages"}],"about":[{"href":"https:\/\/frisbeegolfradat.fi\/sm2012\/wp-json\/wp\/v2\/types\/page"}],"author":[{"embeddable":true,"href":"https:\/\/frisbeegolfradat.fi\/sm2012\/wp-json\/wp\/v2\/users\/250"}],"replies":[{"embeddable":true,"href":"https:\/\/frisbeegolfradat.fi\/sm2012\/wp-json\/wp\/v2\/comments?post=49"}],"version-history":[{"count":8,"href":"https:\/\/frisbeegolfradat.fi\/sm2012\/wp-json\/wp\/v2\/pages\/49\/revisions"}],"predecessor-version":[{"id":65,"href":"https:\/\/frisbeegolfradat.fi\/sm2012\/wp-json\/wp\/v2\/pages\/49\/revisions\/65"}],"wp:attachment":[{"href":"https:\/\/frisbeegolfradat.fi\/sm2012\/wp-json\/wp\/v2\/media?parent=49"}],"curies":[{"name":"wp","href":"https:\/\/api.w.org\/{rel}","templated":true}]}}