{"id":467,"date":"2014-05-27T09:38:51","date_gmt":"2014-05-27T06:38:51","guid":{"rendered":"http:\/\/frisbeegolfradat.fi\/mikko_setala\/jasenet\/"},"modified":"2014-05-27T09:38:51","modified_gmt":"2014-05-27T06:38:51","slug":"jasenet","status":"publish","type":"page","link":"https:\/\/frisbeegolfradat.fi\/mikko_setala\/jasenet\/","title":{"rendered":"J\u00e4senet"},"content":{"rendered":"","protected":false},"excerpt":{"rendered":"","protected":false},"author":1,"featured_media":0,"parent":0,"menu_order":0,"comment_status":"closed","ping_status":"closed","template":"","meta":[],"yoast_head":"<!-- This site is optimized with the Yoast SEO plugin v16.1.1 - https:\/\/yoast.com\/wordpress\/plugins\/seo\/ -->\n<meta name=\"robots\" content=\"index, follow, max-snippet:-1, max-image-preview:large, max-video-preview:-1\" \/>\n<link rel=\"canonical\" href=\"https:\/\/frisbeegolfradat.fi\/mikko_setala\/jasenet\/\" \/>\n<meta property=\"og:locale\" content=\"fi_FI\" \/>\n<meta property=\"og:type\" content=\"article\" \/>\n<meta property=\"og:title\" content=\"J\u00e4senet - Legendaariset v\u00e4yl\u00e4t\" \/>\n<meta property=\"og:url\" content=\"https:\/\/frisbeegolfradat.fi\/mikko_setala\/jasenet\/\" \/>\n<meta property=\"og:site_name\" content=\"Legendaariset v\u00e4yl\u00e4t\" \/>\n<script type=\"application\/ld+json\" class=\"yoast-schema-graph\">{\"@context\":\"https:\/\/schema.org\",\"@graph\":[{\"@type\":\"WebSite\",\"@id\":\"https:\/\/frisbeegolfradat.fi\/mikko_setala\/#website\",\"url\":\"https:\/\/frisbeegolfradat.fi\/mikko_setala\/\",\"name\":\"Legendaariset v\\u00e4yl\\u00e4t\",\"description\":\"V\\u00e4yl\\u00e4bongarin matkassa ymp\\u00e4ri Suomen frisbeegolfratoja\",\"potentialAction\":[{\"@type\":\"SearchAction\",\"target\":\"https:\/\/frisbeegolfradat.fi\/mikko_setala\/?s={search_term_string}\",\"query-input\":\"required name=search_term_string\"}],\"inLanguage\":\"fi\"},{\"@type\":\"WebPage\",\"@id\":\"https:\/\/frisbeegolfradat.fi\/mikko_setala\/jasenet\/#webpage\",\"url\":\"https:\/\/frisbeegolfradat.fi\/mikko_setala\/jasenet\/\",\"name\":\"J\\u00e4senet - Legendaariset v\\u00e4yl\\u00e4t\",\"isPartOf\":{\"@id\":\"https:\/\/frisbeegolfradat.fi\/mikko_setala\/#website\"},\"datePublished\":\"2014-05-27T06:38:51+00:00\",\"dateModified\":\"2014-05-27T06:38:51+00:00\",\"breadcrumb\":{\"@id\":\"https:\/\/frisbeegolfradat.fi\/mikko_setala\/jasenet\/#breadcrumb\"},\"inLanguage\":\"fi\",\"potentialAction\":[{\"@type\":\"ReadAction\",\"target\":[\"https:\/\/frisbeegolfradat.fi\/mikko_setala\/jasenet\/\"]}]},{\"@type\":\"BreadcrumbList\",\"@id\":\"https:\/\/frisbeegolfradat.fi\/mikko_setala\/jasenet\/#breadcrumb\",\"itemListElement\":[{\"@type\":\"ListItem\",\"position\":1,\"item\":{\"@type\":\"WebPage\",\"@id\":\"https:\/\/frisbeegolfradat.fi\/mikko_setala\/jasenet\/\",\"url\":\"https:\/\/frisbeegolfradat.fi\/mikko_setala\/jasenet\/\",\"name\":\"J\\u00e4senet\"}}]}]}<\/script>\n<!-- \/ Yoast SEO plugin. -->","_links":{"self":[{"href":"https:\/\/frisbeegolfradat.fi\/mikko_setala\/wp-json\/wp\/v2\/pages\/467"}],"collection":[{"href":"https:\/\/frisbeegolfradat.fi\/mikko_setala\/wp-json\/wp\/v2\/pages"}],"about":[{"href":"https:\/\/frisbeegolfradat.fi\/mikko_setala\/wp-json\/wp\/v2\/types\/page"}],"author":[{"embeddable":true,"href":"https:\/\/frisbeegolfradat.fi\/mikko_setala\/wp-json\/wp\/v2\/users\/1"}],"replies":[{"embeddable":true,"href":"https:\/\/frisbeegolfradat.fi\/mikko_setala\/wp-json\/wp\/v2\/comments?post=467"}],"version-history":[{"count":0,"href":"https:\/\/frisbeegolfradat.fi\/mikko_setala\/wp-json\/wp\/v2\/pages\/467\/revisions"}],"wp:attachment":[{"href":"https:\/\/frisbeegolfradat.fi\/mikko_setala\/wp-json\/wp\/v2\/media?parent=467"}],"curies":[{"name":"wp","href":"https:\/\/api.w.org\/{rel}","templated":true}]}}