{"id":2,"date":"2010-03-26T12:41:17","date_gmt":"2010-03-26T10:41:17","guid":{"rendered":"http:\/\/frisbeegolfradat.fi\/keinukallio_kerava\/fgck\/"},"modified":"2013-03-12T11:50:04","modified_gmt":"2013-03-12T09:50:04","slug":"fgck","status":"publish","type":"page","link":"https:\/\/frisbeegolfradat.fi\/keinukallio_kerava\/fgck\/","title":{"rendered":"Frisbeegolf Club Keinukallio"},"content":{"rendered":"<p style=\"text-align: justify\"><a href=\"http:\/\/frisbeegolfradat.fi\/keinukallio_kerava\/files\/2010\/03\/ylabanneri3.jpg\"><img loading=\"lazy\" class=\"aligncenter size-medium wp-image-41\" src=\"http:\/\/frisbeegolfradat.fi\/keinukallio_kerava\/files\/2010\/03\/ylabanneri3-575x135.jpg\" alt=\"\" width=\"575\" height=\"135\" srcset=\"https:\/\/frisbeegolfradat.fi\/keinukallio_kerava\/files\/2010\/03\/ylabanneri3-575x135.jpg 575w, https:\/\/frisbeegolfradat.fi\/keinukallio_kerava\/files\/2010\/03\/ylabanneri3-800x188.jpg 800w, https:\/\/frisbeegolfradat.fi\/keinukallio_kerava\/files\/2010\/03\/ylabanneri3.jpg 1961w\" sizes=\"(max-width: 575px) 100vw, 575px\" \/><\/a><\/p>\n<p style=\"text-align: justify\"><strong>T\u00e4ss\u00e4 blogissa tiedotetaan Keinukallion frisbeegolfradan seura-asioista.<\/strong><\/p>\n<p style=\"text-align: justify\">FRISBEEGOLF CLUB KEINUKALLIO (FGCK)<\/p>\n<p style=\"text-align: justify\">Keravan ensimm\u00e4inen ja t\u00e4h\u00e4n menness\u00e4 ainoa frisbeegolfrata perustettiin Keinukallion entisen laskettelurinteen ymp\u00e4rist\u00f6\u00f6n vuonna 2007. Suuret korkeuserot (huippu 82.8 metri\u00e4 merenpinnasta) sek\u00e4 vaihtelevat maastotyypit (pelto\/mets\u00e4) tekev\u00e4t radasta eritt\u00e4in n\u00e4ytt\u00e4v\u00e4n ja monipuolisen pelattavan. Radalle ei oltu kuitenkaan saatu s\u00e4\u00e4nn\u00f6llist\u00e4 seuratoimintaa eik\u00e4 yll\u00e4pitoa, joten pahimmillaan rata oli uskomatonta viidakkoa. T\u00e4ss\u00e4 olikin kipin\u00e4 ep\u00e4virallisen seuratoiminnan aloittamiseen loppuvuonna 2010, aluksi rekister\u00f6itym\u00e4tt\u00f6m\u00e4n\u00e4 yhdistyksen\u00e4 Frisbeegolf Club Keinukallio (FGCK).<\/p>\n<p style=\"text-align: justify\">Sitke\u00e4n ruohonjuuritoiminnan seurauksena vuonna 2011 vakiinnutettiin viikkokisat tiistaisin klo 18:00, j\u00e4rjestettiin kolmet isommat kaikille avoimet kisat sek\u00e4 muita pienempi\u00e4 seuran omia erikoistapahtumia, ja mm. aloitettiin sponsoritoiminta Frisbeepoint -frisbeegolfkaupan kanssa. Talkoilla saatiin vanha rata raivattua eritt\u00e4inkin hyv\u00e4\u00e4n pelikuntoon ja viikkokisoissa k\u00e4vi yhteens\u00e4 useita kymmeni\u00e4 eri pelaajia. Osa v\u00e4ylist\u00e4 suunniteltiin uusiksi, osa poistettiin kokonaan ja t\u00e4ysin uusia tehtiin tilalle Keravan kaupunkiymp\u00e4rist\u00f6n suosiollisella avulla, sill\u00e4 tuloksella ett\u00e4 v\u00e4yl\u00e4t ovat nyt entist\u00e4 monipuolisempia. V\u00e4yli\u00e4 on t\u00e4ll\u00e4 hetkell\u00e4 k\u00e4yt\u00f6ss\u00e4 13 kappaletta.<\/p>\n<p style=\"text-align: justify\">L\u00e4ht\u00f6paikalle saatiin kaupungilta my\u00f6s l\u00f6yt\u00f6kiekkolaatikko jota muokattiin aktiivien toimesta varkauden est\u00e4v\u00e4ksi. Lopullisella, viimeistellyll\u00e4 radalla tulee olemaan raivattujen ja yll\u00e4pidettyjen v\u00e4ylien lis\u00e4ksi varustuksena suuri ja selke\u00e4 ratakartta, penkkej\u00e4, roska-astioita, kunnolliset tiit sek\u00e4 v\u00e4yl\u00e4kohtaiset opasteet joka v\u00e4yl\u00e4ll\u00e4, ja selke\u00e4sti merkityt polut korilta seuraavalle tiille. Kaudelle 2013 otetaan tavoitteeksi tehd\u00e4 Keinukalliosta t\u00e4yspitk\u00e4 18-v\u00e4yl\u00e4inen ja haastava rata.<\/p>\n<p style=\"text-align: justify\">Vuonna 2013 FGCK on t\u00e4ysivoimainen rekister\u00f6ity yhdistys. Seura on kaikille avoin, ja mukaan toivotaan kaikenlaisia harrastajia. Osallistumismaksu on vaivaiset 12 euroa. Lis\u00e4tietoa seuran j\u00e4senyyksist\u00e4 l\u00f6ytyy radan etusivulta, kohdasta <a href=\"http:\/\/frisbeegolfradat.fi\/rata\/keinukallio_kerava\/tiedot\">&#8217;tiedot&#8217;<\/a>.<\/p>\n<p style=\"text-align: justify\">Tervetuloa mukaan!<\/p>\n<p style=\"text-align: justify\">terveisin,<\/p>\n<p style=\"text-align: justify\">FRISBEEGOLF CLUB KEINUKALLIO (FGCK) RY.<\/p>\n<p style=\"text-align: justify\">Hallitus<br \/>\nPuheenjohtaja, Teemu Lehtom\u00e4ki<br \/>\nVarapuheenjohtaja, Marco Hyv\u00e4rinen<br \/>\nSihteeri, Eemeli Karkamo<br \/>\nTiedottaja, Mikko Set\u00e4l\u00e4<\/p>\n","protected":false},"excerpt":{"rendered":"<p>T\u00e4ss\u00e4 blogissa tiedotetaan Keinukallion frisbeegolfradan seura-asioista. FRISBEEGOLF CLUB KEINUKALLIO (FGCK) Keravan ensimm\u00e4inen ja t\u00e4h\u00e4n menness\u00e4 ainoa frisbeegolfrata perustettiin Keinukallion entisen laskettelurinteen ymp\u00e4rist\u00f6\u00f6n vuonna 2007. Suuret korkeuserot (huippu 82.8 metri\u00e4 merenpinnasta) sek\u00e4 vaihtelevat maastotyypit (pelto\/mets\u00e4) tekev\u00e4t radasta eritt\u00e4in n\u00e4ytt\u00e4v\u00e4n ja monipuolisen pelattavan. Radalle ei oltu kuitenkaan saatu s\u00e4\u00e4nn\u00f6llist\u00e4 seuratoimintaa eik\u00e4 yll\u00e4pitoa, joten pahimmillaan rata oli uskomatonta [&hellip;]<\/p>\n","protected":false},"author":80,"featured_media":0,"parent":0,"menu_order":0,"comment_status":"closed","ping_status":"open","template":"","meta":[],"yoast_head":"<!-- This site is optimized with the Yoast SEO plugin v16.1.1 - https:\/\/yoast.com\/wordpress\/plugins\/seo\/ -->\n<meta name=\"robots\" content=\"index, follow, max-snippet:-1, max-image-preview:large, max-video-preview:-1\" \/>\n<link rel=\"canonical\" href=\"https:\/\/frisbeegolfradat.fi\/keinukallio_kerava\/fgck\/\" \/>\n<meta property=\"og:locale\" content=\"fi_FI\" \/>\n<meta property=\"og:type\" content=\"article\" \/>\n<meta property=\"og:title\" content=\"Frisbeegolf Club Keinukallio - Keinukallio - Kerava\" \/>\n<meta property=\"og:description\" content=\"T\u00e4ss\u00e4 blogissa tiedotetaan Keinukallion frisbeegolfradan seura-asioista. FRISBEEGOLF CLUB KEINUKALLIO (FGCK) Keravan ensimm\u00e4inen ja t\u00e4h\u00e4n menness\u00e4 ainoa frisbeegolfrata perustettiin Keinukallion entisen laskettelurinteen ymp\u00e4rist\u00f6\u00f6n vuonna 2007. Suuret korkeuserot (huippu 82.8 metri\u00e4 merenpinnasta) sek\u00e4 vaihtelevat maastotyypit (pelto\/mets\u00e4) tekev\u00e4t radasta eritt\u00e4in n\u00e4ytt\u00e4v\u00e4n ja monipuolisen pelattavan. Radalle ei oltu kuitenkaan saatu s\u00e4\u00e4nn\u00f6llist\u00e4 seuratoimintaa eik\u00e4 yll\u00e4pitoa, joten pahimmillaan rata oli uskomatonta [&hellip;]\" \/>\n<meta property=\"og:url\" content=\"https:\/\/frisbeegolfradat.fi\/keinukallio_kerava\/fgck\/\" \/>\n<meta property=\"og:site_name\" content=\"Keinukallio - Kerava\" \/>\n<meta property=\"article:modified_time\" content=\"2013-03-12T09:50:04+00:00\" \/>\n<meta property=\"og:image\" content=\"http:\/\/frisbeegolfradat.fi\/keinukallio_kerava\/files\/2010\/03\/ylabanneri3-575x135.jpg\" \/>\n<meta name=\"twitter:card\" content=\"summary_large_image\" \/>\n<meta name=\"twitter:label1\" content=\"Est. reading time\">\n\t<meta name=\"twitter:data1\" content=\"2 minuuttia\">\n<script type=\"application\/ld+json\" class=\"yoast-schema-graph\">{\"@context\":\"https:\/\/schema.org\",\"@graph\":[{\"@type\":\"WebSite\",\"@id\":\"https:\/\/frisbeegolfradat.fi\/keinukallio_kerava\/#website\",\"url\":\"https:\/\/frisbeegolfradat.fi\/keinukallio_kerava\/\",\"name\":\"Keinukallio - Kerava\",\"description\":\"Radan uutisia ja tapahtumia\",\"potentialAction\":[{\"@type\":\"SearchAction\",\"target\":\"https:\/\/frisbeegolfradat.fi\/keinukallio_kerava\/?s={search_term_string}\",\"query-input\":\"required name=search_term_string\"}],\"inLanguage\":\"fi\"},{\"@type\":\"ImageObject\",\"@id\":\"https:\/\/frisbeegolfradat.fi\/keinukallio_kerava\/fgck\/#primaryimage\",\"inLanguage\":\"fi\",\"url\":\"http:\/\/frisbeegolfradat.fi\/keinukallio_kerava\/files\/2010\/03\/ylabanneri3-575x135.jpg\",\"contentUrl\":\"http:\/\/frisbeegolfradat.fi\/keinukallio_kerava\/files\/2010\/03\/ylabanneri3-575x135.jpg\"},{\"@type\":\"WebPage\",\"@id\":\"https:\/\/frisbeegolfradat.fi\/keinukallio_kerava\/fgck\/#webpage\",\"url\":\"https:\/\/frisbeegolfradat.fi\/keinukallio_kerava\/fgck\/\",\"name\":\"Frisbeegolf Club Keinukallio - Keinukallio - Kerava\",\"isPartOf\":{\"@id\":\"https:\/\/frisbeegolfradat.fi\/keinukallio_kerava\/#website\"},\"primaryImageOfPage\":{\"@id\":\"https:\/\/frisbeegolfradat.fi\/keinukallio_kerava\/fgck\/#primaryimage\"},\"datePublished\":\"2010-03-26T10:41:17+00:00\",\"dateModified\":\"2013-03-12T09:50:04+00:00\",\"breadcrumb\":{\"@id\":\"https:\/\/frisbeegolfradat.fi\/keinukallio_kerava\/fgck\/#breadcrumb\"},\"inLanguage\":\"fi\",\"potentialAction\":[{\"@type\":\"ReadAction\",\"target\":[\"https:\/\/frisbeegolfradat.fi\/keinukallio_kerava\/fgck\/\"]}]},{\"@type\":\"BreadcrumbList\",\"@id\":\"https:\/\/frisbeegolfradat.fi\/keinukallio_kerava\/fgck\/#breadcrumb\",\"itemListElement\":[{\"@type\":\"ListItem\",\"position\":1,\"item\":{\"@type\":\"WebPage\",\"@id\":\"https:\/\/frisbeegolfradat.fi\/keinukallio_kerava\/\",\"url\":\"https:\/\/frisbeegolfradat.fi\/keinukallio_kerava\/\",\"name\":\"Home\"}},{\"@type\":\"ListItem\",\"position\":2,\"item\":{\"@type\":\"WebPage\",\"@id\":\"https:\/\/frisbeegolfradat.fi\/keinukallio_kerava\/fgck\/\",\"url\":\"https:\/\/frisbeegolfradat.fi\/keinukallio_kerava\/fgck\/\",\"name\":\"Frisbeegolf Club Keinukallio\"}}]}]}<\/script>\n<!-- \/ Yoast SEO plugin. -->","_links":{"self":[{"href":"https:\/\/frisbeegolfradat.fi\/keinukallio_kerava\/wp-json\/wp\/v2\/pages\/2"}],"collection":[{"href":"https:\/\/frisbeegolfradat.fi\/keinukallio_kerava\/wp-json\/wp\/v2\/pages"}],"about":[{"href":"https:\/\/frisbeegolfradat.fi\/keinukallio_kerava\/wp-json\/wp\/v2\/types\/page"}],"author":[{"embeddable":true,"href":"https:\/\/frisbeegolfradat.fi\/keinukallio_kerava\/wp-json\/wp\/v2\/users\/80"}],"replies":[{"embeddable":true,"href":"https:\/\/frisbeegolfradat.fi\/keinukallio_kerava\/wp-json\/wp\/v2\/comments?post=2"}],"version-history":[{"count":10,"href":"https:\/\/frisbeegolfradat.fi\/keinukallio_kerava\/wp-json\/wp\/v2\/pages\/2\/revisions"}],"predecessor-version":[{"id":445,"href":"https:\/\/frisbeegolfradat.fi\/keinukallio_kerava\/wp-json\/wp\/v2\/pages\/2\/revisions\/445"}],"wp:attachment":[{"href":"https:\/\/frisbeegolfradat.fi\/keinukallio_kerava\/wp-json\/wp\/v2\/media?parent=2"}],"curies":[{"name":"wp","href":"https:\/\/api.w.org\/{rel}","templated":true}]}}