{"id":32,"date":"2009-04-16T10:39:16","date_gmt":"2009-04-16T10:39:16","guid":{"rendered":"http:\/\/frisbeeblogi.wordpress.com\/?page_id=32"},"modified":"2009-04-16T10:39:16","modified_gmt":"2009-04-16T10:39:16","slug":"kuka-ja-mita","status":"publish","type":"page","link":"https:\/\/frisbeegolfradat.fi\/juho_rantalaiho\/kuka-ja-mita\/","title":{"rendered":"Kuka ja mit\u00e4?"},"content":{"rendered":"<p>Tervetuloa Juhon frisbeeblogiin. Olen Juho Rantalaiho ja olen pelannut ultimatea vuodesta 1999 ja frisbeegolfia vuodesta 2001. Olen pelannut molempia lajeja useasti ulkomailla, merkitt\u00e4vimpin\u00e4 kilpailuina ultimaten Nationalsit Floridassa DoGin paidassa 2006, sek\u00e4 USDGC South Carolinassa (ensi kerran 2006). Ultimaten saralla  edustan Turku Terroria, frisbeegolfin puolella frisbeegolfseura 7k:ta. Golfia pelaan l\u00e4hinn\u00e4 Discmanian pannuilla. Suurimmat meriitit lienev\u00e4t ultimatessa junnujen MM-pronssi 2002, sek\u00e4 useat halli-SM-kullat Terrorin paidassa. Frisbeegolfin selv\u00e4sti kovin juttu on SM-hopea 2009. Kentt\u00e4lajeissa olen kertaalleen onnistunut viem\u00e4\u00e4n yleismestaruuden vuonna 2006.<\/p>\n<p>P\u00e4\u00e4tin aloittaa blogin kirjoittamisen erityisesti itseni iloksi &#8221;p\u00e4iv\u00e4kirjana&#8221;, mutta my\u00f6s muiden iloksi &#8211; tai suruksi. Blogissa p\u00e4\u00e4asiassa tulevat olemaan kisareissut, mutta my\u00f6s omat treenisuunnitelmat ja treenit. Oman lis\u00e4ns\u00e4 tuovat ehk\u00e4 my\u00f6s frisbeemaailmassa pinnalla olevat asiat muuten. Blogi k\u00e4sittelee kaikkia frisbeelajeja, mit\u00e4 satun sill\u00e4 hetkell\u00e4 pelaamaan\/harjoittelemaan.<\/p>\n<p>Kommentit ovat eritt\u00e4in tervetulleita, pyrin vastaamaan niihin niin pian kuin mahdollista. Kes\u00e4aikaan pyrin kirjoittelemaan uusia juttuja viikottain, talvella varmaankin harvemmin. Jos tahdot kysy\u00e4 jotakin privaatisti, laita mailia juho at discmania piste fi.<\/p>\n<p>Toivottavasti nautit ja hy\u00f6dyt lukemastasi.<\/p>\n","protected":false},"excerpt":{"rendered":"<p>Tervetuloa Juhon frisbeeblogiin. Olen Juho Rantalaiho ja olen pelannut ultimatea vuodesta 1999 ja frisbeegolfia vuodesta 2001. Olen pelannut molempia lajeja useasti ulkomailla, merkitt\u00e4vimpin\u00e4 kilpailuina ultimaten Nationalsit Floridassa DoGin paidassa 2006, sek\u00e4 USDGC South Carolinassa (ensi kerran 2006). Ultimaten saralla edustan Turku Terroria, frisbeegolfin puolella frisbeegolfseura 7k:ta. Golfia pelaan l\u00e4hinn\u00e4 Discmanian pannuilla. Suurimmat meriitit lienev\u00e4t ultimatessa [&hellip;]<\/p>\n","protected":false},"author":174,"featured_media":0,"parent":0,"menu_order":0,"comment_status":"open","ping_status":"open","template":"","meta":[],"yoast_head":"<!-- This site is optimized with the Yoast SEO plugin v16.1.1 - https:\/\/yoast.com\/wordpress\/plugins\/seo\/ -->\n<meta name=\"robots\" content=\"index, follow, max-snippet:-1, max-image-preview:large, max-video-preview:-1\" \/>\n<link rel=\"canonical\" href=\"https:\/\/frisbeegolfradat.fi\/juho_rantalaiho\/kuka-ja-mita\/\" \/>\n<meta property=\"og:locale\" content=\"fi_FI\" \/>\n<meta property=\"og:type\" content=\"article\" \/>\n<meta property=\"og:title\" content=\"Kuka ja mit\u00e4? - Juhon frisbeeblogi\" \/>\n<meta property=\"og:description\" content=\"Tervetuloa Juhon frisbeeblogiin. Olen Juho Rantalaiho ja olen pelannut ultimatea vuodesta 1999 ja frisbeegolfia vuodesta 2001. Olen pelannut molempia lajeja useasti ulkomailla, merkitt\u00e4vimpin\u00e4 kilpailuina ultimaten Nationalsit Floridassa DoGin paidassa 2006, sek\u00e4 USDGC South Carolinassa (ensi kerran 2006). Ultimaten saralla edustan Turku Terroria, frisbeegolfin puolella frisbeegolfseura 7k:ta. Golfia pelaan l\u00e4hinn\u00e4 Discmanian pannuilla. Suurimmat meriitit lienev\u00e4t ultimatessa [&hellip;]\" \/>\n<meta property=\"og:url\" content=\"https:\/\/frisbeegolfradat.fi\/juho_rantalaiho\/kuka-ja-mita\/\" \/>\n<meta property=\"og:site_name\" content=\"Juhon frisbeeblogi\" \/>\n<meta name=\"twitter:label1\" content=\"Est. reading time\">\n\t<meta name=\"twitter:data1\" content=\"1 minuutti\">\n<script type=\"application\/ld+json\" class=\"yoast-schema-graph\">{\"@context\":\"https:\/\/schema.org\",\"@graph\":[{\"@type\":\"WebSite\",\"@id\":\"https:\/\/frisbeegolfradat.fi\/juho_rantalaiho\/#website\",\"url\":\"https:\/\/frisbeegolfradat.fi\/juho_rantalaiho\/\",\"name\":\"Juhon frisbeeblogi\",\"description\":\"Juho Rantalaiho\",\"potentialAction\":[{\"@type\":\"SearchAction\",\"target\":\"https:\/\/frisbeegolfradat.fi\/juho_rantalaiho\/?s={search_term_string}\",\"query-input\":\"required name=search_term_string\"}],\"inLanguage\":\"fi\"},{\"@type\":\"WebPage\",\"@id\":\"https:\/\/frisbeegolfradat.fi\/juho_rantalaiho\/kuka-ja-mita\/#webpage\",\"url\":\"https:\/\/frisbeegolfradat.fi\/juho_rantalaiho\/kuka-ja-mita\/\",\"name\":\"Kuka ja mit\\u00e4? - Juhon frisbeeblogi\",\"isPartOf\":{\"@id\":\"https:\/\/frisbeegolfradat.fi\/juho_rantalaiho\/#website\"},\"datePublished\":\"2009-04-16T10:39:16+00:00\",\"dateModified\":\"2009-04-16T10:39:16+00:00\",\"breadcrumb\":{\"@id\":\"https:\/\/frisbeegolfradat.fi\/juho_rantalaiho\/kuka-ja-mita\/#breadcrumb\"},\"inLanguage\":\"fi\",\"potentialAction\":[{\"@type\":\"ReadAction\",\"target\":[\"https:\/\/frisbeegolfradat.fi\/juho_rantalaiho\/kuka-ja-mita\/\"]}]},{\"@type\":\"BreadcrumbList\",\"@id\":\"https:\/\/frisbeegolfradat.fi\/juho_rantalaiho\/kuka-ja-mita\/#breadcrumb\",\"itemListElement\":[{\"@type\":\"ListItem\",\"position\":1,\"item\":{\"@type\":\"WebPage\",\"@id\":\"https:\/\/frisbeegolfradat.fi\/juho_rantalaiho\/kuka-ja-mita\/\",\"url\":\"https:\/\/frisbeegolfradat.fi\/juho_rantalaiho\/kuka-ja-mita\/\",\"name\":\"Kuka ja mit\\u00e4?\"}}]}]}<\/script>\n<!-- \/ Yoast SEO plugin. -->","_links":{"self":[{"href":"https:\/\/frisbeegolfradat.fi\/juho_rantalaiho\/wp-json\/wp\/v2\/pages\/32"}],"collection":[{"href":"https:\/\/frisbeegolfradat.fi\/juho_rantalaiho\/wp-json\/wp\/v2\/pages"}],"about":[{"href":"https:\/\/frisbeegolfradat.fi\/juho_rantalaiho\/wp-json\/wp\/v2\/types\/page"}],"author":[{"embeddable":true,"href":"https:\/\/frisbeegolfradat.fi\/juho_rantalaiho\/wp-json\/wp\/v2\/users\/174"}],"replies":[{"embeddable":true,"href":"https:\/\/frisbeegolfradat.fi\/juho_rantalaiho\/wp-json\/wp\/v2\/comments?post=32"}],"version-history":[{"count":0,"href":"https:\/\/frisbeegolfradat.fi\/juho_rantalaiho\/wp-json\/wp\/v2\/pages\/32\/revisions"}],"wp:attachment":[{"href":"https:\/\/frisbeegolfradat.fi\/juho_rantalaiho\/wp-json\/wp\/v2\/media?parent=32"}],"curies":[{"name":"wp","href":"https:\/\/api.w.org\/{rel}","templated":true}]}}